{"id":3827,"date":"2024-03-01T15:12:59","date_gmt":"2024-03-01T14:12:59","guid":{"rendered":"https:\/\/cisonborgovivo.it\/medienpaket\/"},"modified":"2024-07-10T15:43:18","modified_gmt":"2024-07-10T13:43:18","slug":"medienpaket","status":"publish","type":"page","link":"https:\/\/cisonborgovivo.it\/de\/medienpaket\/","title":{"rendered":"MedienpaketWir danken Ihnen f\u00fcr Ihr Interesse und Ihre Unterst\u00fctzung f\u00fcr Cison Borgo Vivo."},"content":{"rendered":"\t\t<div data-elementor-type=\"wp-page\" data-elementor-id=\"3827\" class=\"elementor elementor-3827 elementor-2135\" data-elementor-post-type=\"page\">\n\t\t\t\t<div class=\"elementor-element elementor-element-02d6394 e-flex e-con-boxed e-con e-parent\" data-id=\"02d6394\" data-element_type=\"container\" data-settings=\"{&quot;background_background&quot;:&quot;classic&quot;}\">\n\t\t\t\t\t<div class=\"e-con-inner\">\n\t\t\t\t<div class=\"elementor-element elementor-element-b300eed elementor-widget elementor-widget-heading\" data-id=\"b300eed\" data-element_type=\"widget\" data-widget_type=\"heading.default\">\n\t\t\t\t<div class=\"elementor-widget-container\">\n\t\t\t\t\t<h1 class=\"elementor-heading-title elementor-size-default\">Medienpaket Cison Borgo Vivo<\/h1>\t\t\t\t<\/div>\n\t\t\t\t<\/div>\n\t\t\t\t\t<\/div>\n\t\t\t\t<\/div>\n\t\t<div class=\"elementor-element elementor-element-0df6ed0 e-flex e-con-boxed e-con e-parent\" data-id=\"0df6ed0\" data-element_type=\"container\">\n\t\t\t\t\t<div class=\"e-con-inner\">\n\t\t<div class=\"elementor-element elementor-element-bc3b27d e-con-full e-flex e-con e-child\" data-id=\"bc3b27d\" data-element_type=\"container\">\n\t\t\t\t<div class=\"elementor-element elementor-element-6de391b elementor-widget elementor-widget-heading\" data-id=\"6de391b\" data-element_type=\"widget\" data-widget_type=\"heading.default\">\n\t\t\t\t<div class=\"elementor-widget-container\">\n\t\t\t\t\t<h5 class=\"elementor-heading-title elementor-size-default\">Wir danken Ihnen f\u00fcr Ihr Interesse und Ihre Unterst\u00fctzung f\u00fcr Cison Borgo Vivo.<\/h5>\t\t\t\t<\/div>\n\t\t\t\t<\/div>\n\t\t\t\t<div class=\"elementor-element elementor-element-8089faa elementor-widget elementor-widget-text-editor\" data-id=\"8089faa\" data-element_type=\"widget\" data-widget_type=\"text-editor.default\">\n\t\t\t\t<div class=\"elementor-widget-container\">\n\t\t\t\t\t\t\t\t\t<p style=\"font-weight: 400\">In diesem Abschnitt k\u00f6nnen Sie die offizielle Pressemitteilung einsehen, die einen detaillierten \u00dcberblick \u00fcber die Initiativen, Ziele und Entwicklungen von Cison Borgo Vivo gibt und alle notwendigen Informationen f\u00fcr ein umfassendes Verst\u00e4ndnis des Projekts bietet.<\/p>\n<p style=\"font-weight: 400\">Au\u00dferdem finden Sie eine Auswahl von Fotos, die w\u00e4hrend der Auftaktveranstaltung des Projekts aufgenommen wurden. Die Fotos stehen in hoher Aufl\u00f6sung zum Herunterladen bereit und eignen sich ideal f\u00fcr die Verwendung in Artikeln, Berichten oder Werbematerialien.<\/p>\n<p style=\"font-weight: 400\">F\u00fcr weitere Informationen oder spezielle Anfragen nutzen Sie bitte die Kontaktdaten.<\/p>\n\t\t\t\t\t\t\t\t<\/div>\n\t\t\t\t<\/div>\n\t\t\t\t<div class=\"dce-fix-background-loop elementor-element elementor-element-5f8fa3c elementor-widget elementor-widget-dce-acf-repeater-v2\" data-id=\"5f8fa3c\" data-element_type=\"widget\" data-settings=\"{&quot;dce_acf_repeater_format&quot;:&quot;grid&quot;}\" data-widget_type=\"dce-acf-repeater-v2.default\">\n\t\t\t\t<div class=\"elementor-widget-container\">\n\t\t\t\t\t<div class=\"dce-acf-repeater\"><div class=\"dce-acf-repeater-grid\"><\/div><\/div>\t\t\t\t<\/div>\n\t\t\t\t<\/div>\n\t\t\t\t<\/div>\n\t\t<div class=\"elementor-element elementor-element-3f62f43 e-con-full elementor-hidden-tablet elementor-hidden-mobile e-flex e-con e-child\" data-id=\"3f62f43\" data-element_type=\"container\">\n\t\t\t\t<\/div>\n\t\t\t\t\t<\/div>\n\t\t\t\t<\/div>\n\t\t\t\t<\/div>\n\t\t","protected":false},"excerpt":{"rendered":"<p>Medienpaket Cison Borgo Vivo<\/p>\n","protected":false},"author":6,"featured_media":0,"parent":0,"menu_order":0,"comment_status":"closed","ping_status":"closed","template":"","meta":{"_acf_changed":false,"footnotes":""},"class_list":["post-3827","page","type-page","status-publish","hentry"],"acf":[],"yoast_head":"<!-- This site is optimized with the Yoast SEO plugin v26.0 - https:\/\/yoast.com\/wordpress\/plugins\/seo\/ -->\n<title>Cison Borgo Vivo Media Kit - Presse- und Medienressourcen<\/title>\n<meta name=\"description\" content=\"Greifen Sie auf das Cison Borgo Vivo Media Kit zu: Hier finden Sie Pressemitteilungen, hochaufl\u00f6sende Fotos und detaillierte Informationen \u00fcber unsere Initiativen und Veranstaltungen.\" \/>\n<meta name=\"robots\" content=\"index, follow, max-snippet:-1, max-image-preview:large, max-video-preview:-1\" \/>\n<link rel=\"canonical\" href=\"https:\/\/cisonborgovivo.it\/de\/medienpaket\/\" \/>\n<meta property=\"og:locale\" content=\"de_DE\" \/>\n<meta property=\"og:type\" content=\"article\" \/>\n<meta property=\"og:title\" content=\"Cison Borgo Vivo Media Kit - Presse- und Medienressourcen\" \/>\n<meta property=\"og:description\" content=\"Greifen Sie auf das Cison Borgo Vivo Media Kit zu: Hier finden Sie Pressemitteilungen, hochaufl\u00f6sende Fotos und detaillierte Informationen \u00fcber unsere Initiativen und Veranstaltungen.\" \/>\n<meta property=\"og:url\" content=\"https:\/\/cisonborgovivo.it\/de\/medienpaket\/\" \/>\n<meta property=\"og:site_name\" content=\"Cison Borgo Vivo\" \/>\n<meta property=\"article:modified_time\" content=\"2024-07-10T13:43:18+00:00\" \/>\n<meta property=\"og:image\" content=\"https:\/\/cisonborgovivo.it\/wp-content\/uploads\/2024\/03\/cison-borgo-vivo-scaled.jpg\" \/>\n\t<meta property=\"og:image:width\" content=\"2560\" \/>\n\t<meta property=\"og:image:height\" content=\"1321\" \/>\n\t<meta property=\"og:image:type\" content=\"image\/jpeg\" \/>\n<meta name=\"twitter:card\" content=\"summary_large_image\" \/>\n<script type=\"application\/ld+json\" class=\"yoast-schema-graph\">{\"@context\":\"https:\/\/schema.org\",\"@graph\":[{\"@type\":\"WebPage\",\"@id\":\"https:\/\/cisonborgovivo.it\/de\/medienpaket\/\",\"url\":\"https:\/\/cisonborgovivo.it\/de\/medienpaket\/\",\"name\":\"Cison Borgo Vivo Media Kit - Presse- und Medienressourcen\",\"isPartOf\":{\"@id\":\"https:\/\/cisonborgovivo.it\/de\/#website\"},\"datePublished\":\"2024-03-01T14:12:59+00:00\",\"dateModified\":\"2024-07-10T13:43:18+00:00\",\"description\":\"Greifen Sie auf das Cison Borgo Vivo Media Kit zu: Hier finden Sie Pressemitteilungen, hochaufl\u00f6sende Fotos und detaillierte Informationen \u00fcber unsere Initiativen und Veranstaltungen.\",\"breadcrumb\":{\"@id\":\"https:\/\/cisonborgovivo.it\/de\/medienpaket\/#breadcrumb\"},\"inLanguage\":\"de\",\"potentialAction\":[{\"@type\":\"ReadAction\",\"target\":[\"https:\/\/cisonborgovivo.it\/de\/medienpaket\/\"]}]},{\"@type\":\"BreadcrumbList\",\"@id\":\"https:\/\/cisonborgovivo.it\/de\/medienpaket\/#breadcrumb\",\"itemListElement\":[{\"@type\":\"ListItem\",\"position\":1,\"name\":\"Home\",\"item\":\"https:\/\/cisonborgovivo.it\/de\/projekt\/\"},{\"@type\":\"ListItem\",\"position\":2,\"name\":\"MedienpaketWir danken Ihnen f\u00fcr Ihr Interesse und Ihre Unterst\u00fctzung f\u00fcr Cison Borgo Vivo.\"}]},{\"@type\":\"WebSite\",\"@id\":\"https:\/\/cisonborgovivo.it\/de\/#website\",\"url\":\"https:\/\/cisonborgovivo.it\/de\/\",\"name\":\"Cison Borgo Vivo\",\"description\":\"Il cuore di un borgo che vive\",\"publisher\":{\"@id\":\"https:\/\/cisonborgovivo.it\/de\/#organization\"},\"alternateName\":\"Cison di Valmarino\",\"potentialAction\":[{\"@type\":\"SearchAction\",\"target\":{\"@type\":\"EntryPoint\",\"urlTemplate\":\"https:\/\/cisonborgovivo.it\/de\/?s={search_term_string}\"},\"query-input\":{\"@type\":\"PropertyValueSpecification\",\"valueRequired\":true,\"valueName\":\"search_term_string\"}}],\"inLanguage\":\"de\"},{\"@type\":\"Organization\",\"@id\":\"https:\/\/cisonborgovivo.it\/de\/#organization\",\"name\":\"Cison di Valmarino\",\"url\":\"https:\/\/cisonborgovivo.it\/de\/\",\"logo\":{\"@type\":\"ImageObject\",\"inLanguage\":\"de\",\"@id\":\"https:\/\/cisonborgovivo.it\/de\/#\/schema\/logo\/image\/\",\"url\":\"https:\/\/cisonborgovivo.it\/wp-content\/uploads\/2024\/02\/logo03.png\",\"contentUrl\":\"https:\/\/cisonborgovivo.it\/wp-content\/uploads\/2024\/02\/logo03.png\",\"width\":193,\"height\":150,\"caption\":\"Cison di Valmarino\"},\"image\":{\"@id\":\"https:\/\/cisonborgovivo.it\/de\/#\/schema\/logo\/image\/\"}}]}<\/script>\n<!-- \/ Yoast SEO plugin. -->","yoast_head_json":{"title":"Cison Borgo Vivo Media Kit - Presse- und Medienressourcen","description":"Greifen Sie auf das Cison Borgo Vivo Media Kit zu: Hier finden Sie Pressemitteilungen, hochaufl\u00f6sende Fotos und detaillierte Informationen \u00fcber unsere Initiativen und Veranstaltungen.","robots":{"index":"index","follow":"follow","max-snippet":"max-snippet:-1","max-image-preview":"max-image-preview:large","max-video-preview":"max-video-preview:-1"},"canonical":"https:\/\/cisonborgovivo.it\/de\/medienpaket\/","og_locale":"de_DE","og_type":"article","og_title":"Cison Borgo Vivo Media Kit - Presse- und Medienressourcen","og_description":"Greifen Sie auf das Cison Borgo Vivo Media Kit zu: Hier finden Sie Pressemitteilungen, hochaufl\u00f6sende Fotos und detaillierte Informationen \u00fcber unsere Initiativen und Veranstaltungen.","og_url":"https:\/\/cisonborgovivo.it\/de\/medienpaket\/","og_site_name":"Cison Borgo Vivo","article_modified_time":"2024-07-10T13:43:18+00:00","og_image":[{"width":2560,"height":1321,"url":"https:\/\/cisonborgovivo.it\/wp-content\/uploads\/2024\/03\/cison-borgo-vivo-scaled.jpg","type":"image\/jpeg"}],"twitter_card":"summary_large_image","schema":{"@context":"https:\/\/schema.org","@graph":[{"@type":"WebPage","@id":"https:\/\/cisonborgovivo.it\/de\/medienpaket\/","url":"https:\/\/cisonborgovivo.it\/de\/medienpaket\/","name":"Cison Borgo Vivo Media Kit - Presse- und Medienressourcen","isPartOf":{"@id":"https:\/\/cisonborgovivo.it\/de\/#website"},"datePublished":"2024-03-01T14:12:59+00:00","dateModified":"2024-07-10T13:43:18+00:00","description":"Greifen Sie auf das Cison Borgo Vivo Media Kit zu: Hier finden Sie Pressemitteilungen, hochaufl\u00f6sende Fotos und detaillierte Informationen \u00fcber unsere Initiativen und Veranstaltungen.","breadcrumb":{"@id":"https:\/\/cisonborgovivo.it\/de\/medienpaket\/#breadcrumb"},"inLanguage":"de","potentialAction":[{"@type":"ReadAction","target":["https:\/\/cisonborgovivo.it\/de\/medienpaket\/"]}]},{"@type":"BreadcrumbList","@id":"https:\/\/cisonborgovivo.it\/de\/medienpaket\/#breadcrumb","itemListElement":[{"@type":"ListItem","position":1,"name":"Home","item":"https:\/\/cisonborgovivo.it\/de\/projekt\/"},{"@type":"ListItem","position":2,"name":"MedienpaketWir danken Ihnen f\u00fcr Ihr Interesse und Ihre Unterst\u00fctzung f\u00fcr Cison Borgo Vivo."}]},{"@type":"WebSite","@id":"https:\/\/cisonborgovivo.it\/de\/#website","url":"https:\/\/cisonborgovivo.it\/de\/","name":"Cison Borgo Vivo","description":"Il cuore di un borgo che vive","publisher":{"@id":"https:\/\/cisonborgovivo.it\/de\/#organization"},"alternateName":"Cison di Valmarino","potentialAction":[{"@type":"SearchAction","target":{"@type":"EntryPoint","urlTemplate":"https:\/\/cisonborgovivo.it\/de\/?s={search_term_string}"},"query-input":{"@type":"PropertyValueSpecification","valueRequired":true,"valueName":"search_term_string"}}],"inLanguage":"de"},{"@type":"Organization","@id":"https:\/\/cisonborgovivo.it\/de\/#organization","name":"Cison di Valmarino","url":"https:\/\/cisonborgovivo.it\/de\/","logo":{"@type":"ImageObject","inLanguage":"de","@id":"https:\/\/cisonborgovivo.it\/de\/#\/schema\/logo\/image\/","url":"https:\/\/cisonborgovivo.it\/wp-content\/uploads\/2024\/02\/logo03.png","contentUrl":"https:\/\/cisonborgovivo.it\/wp-content\/uploads\/2024\/02\/logo03.png","width":193,"height":150,"caption":"Cison di Valmarino"},"image":{"@id":"https:\/\/cisonborgovivo.it\/de\/#\/schema\/logo\/image\/"}}]}},"_links":{"self":[{"href":"https:\/\/cisonborgovivo.it\/de\/wp-json\/wp\/v2\/pages\/3827","targetHints":{"allow":["GET"]}}],"collection":[{"href":"https:\/\/cisonborgovivo.it\/de\/wp-json\/wp\/v2\/pages"}],"about":[{"href":"https:\/\/cisonborgovivo.it\/de\/wp-json\/wp\/v2\/types\/page"}],"author":[{"embeddable":true,"href":"https:\/\/cisonborgovivo.it\/de\/wp-json\/wp\/v2\/users\/6"}],"replies":[{"embeddable":true,"href":"https:\/\/cisonborgovivo.it\/de\/wp-json\/wp\/v2\/comments?post=3827"}],"version-history":[{"count":3,"href":"https:\/\/cisonborgovivo.it\/de\/wp-json\/wp\/v2\/pages\/3827\/revisions"}],"predecessor-version":[{"id":4093,"href":"https:\/\/cisonborgovivo.it\/de\/wp-json\/wp\/v2\/pages\/3827\/revisions\/4093"}],"wp:attachment":[{"href":"https:\/\/cisonborgovivo.it\/de\/wp-json\/wp\/v2\/media?parent=3827"}],"curies":[{"name":"wp","href":"https:\/\/api.w.org\/{rel}","templated":true}]}}