{"id":3831,"date":"2024-02-29T10:18:38","date_gmt":"2024-02-29T09:18:38","guid":{"rendered":"https:\/\/cisonborgovivo.it\/marke-cison-borgo-vivo\/"},"modified":"2024-07-10T15:43:40","modified_gmt":"2024-07-10T13:43:40","slug":"marke-cison-borgo-vivo","status":"publish","type":"page","link":"https:\/\/cisonborgovivo.it\/de\/marke-cison-borgo-vivo\/","title":{"rendered":"Marke Cison Borgo Vivo"},"content":{"rendered":"\t\t<div data-elementor-type=\"wp-page\" data-elementor-id=\"3831\" class=\"elementor elementor-3831 elementor-1804\" data-elementor-post-type=\"page\">\n\t\t\t\t<div class=\"elementor-element elementor-element-5f9fb18 e-flex e-con-boxed e-con e-parent\" data-id=\"5f9fb18\" data-element_type=\"container\" data-settings=\"{&quot;background_background&quot;:&quot;classic&quot;}\">\n\t\t\t\t\t<div class=\"e-con-inner\">\n\t\t\t\t<div class=\"elementor-element elementor-element-ad1ada0 elementor-widget elementor-widget-heading\" data-id=\"ad1ada0\" data-element_type=\"widget\" data-widget_type=\"heading.default\">\n\t\t\t\t<div class=\"elementor-widget-container\">\n\t\t\t\t\t<h1 class=\"elementor-heading-title elementor-size-default\">Marke Cison Borgo Vivo<\/h1>\t\t\t\t<\/div>\n\t\t\t\t<\/div>\n\t\t\t\t\t<\/div>\n\t\t\t\t<\/div>\n\t\t<div class=\"elementor-element elementor-element-620805b e-flex e-con-boxed e-con e-parent\" data-id=\"620805b\" data-element_type=\"container\">\n\t\t\t\t\t<div class=\"e-con-inner\">\n\t\t<div class=\"elementor-element elementor-element-4e263cb e-con-full e-flex e-con e-child\" data-id=\"4e263cb\" data-element_type=\"container\">\n\t\t\t\t<div class=\"elementor-element elementor-element-efe4310 elementor-widget elementor-widget-heading\" data-id=\"efe4310\" data-element_type=\"widget\" data-widget_type=\"heading.default\">\n\t\t\t\t<div class=\"elementor-widget-container\">\n\t\t\t\t\t<h5 class=\"elementor-heading-title elementor-size-default\">Anforderung von Material<\/h5>\t\t\t\t<\/div>\n\t\t\t\t<\/div>\n\t\t\t\t<div class=\"elementor-element elementor-element-1847fe9 elementor-widget elementor-widget-text-editor\" data-id=\"1847fe9\" data-element_type=\"widget\" data-widget_type=\"text-editor.default\">\n\t\t\t\t<div class=\"elementor-widget-container\">\n\t\t\t\t\t\t\t\t\t<p>Die neue Markenidentit\u00e4t von Cison di Valmarino wird durch den richtigen Einsatz aller Beteiligten gest\u00e4rkt. Dazu muss ein Antrag (gem\u00e4\u00df dem beigef\u00fcgten Formular) gestellt werden, der an die Gemeinde Cison di Valmarino unter <a href=\"mailto:info@pec.comune.cisondivalmarino.tv.it\">info@pec.comune.cisondivalmarino.tv.it zu richten ist.<\/a> Die Antr\u00e4ge werden vom Leiter der Dienststelle gepr\u00fcft, der nach Abschluss der Pr\u00fcfung die Verwendung genehmigt.<\/p>\n\t\t\t\t\t\t\t\t<\/div>\n\t\t\t\t<\/div>\n\t\t<a class=\"elementor-element elementor-element-9c88e5a e-flex e-con-boxed e-con e-child\" data-id=\"9c88e5a\" data-element_type=\"container\" data-settings=\"{&quot;background_background&quot;:&quot;classic&quot;}\" href=\"https:\/\/cisonborgovivo.it\/wp-content\/uploads\/2024\/03\/Cison_modulo_240223_NOLOGO_compilabile.pdf\" target=\"_blank\">\n\t\t\t\t\t<div class=\"e-con-inner\">\n\t\t<div class=\"elementor-element elementor-element-9205ef5 e-con-full e-flex e-con e-child\" data-id=\"9205ef5\" data-element_type=\"container\">\n\t\t\t\t<div class=\"elementor-element elementor-element-d229a2b elementor-widget elementor-widget-heading\" data-id=\"d229a2b\" data-element_type=\"widget\" data-widget_type=\"heading.default\">\n\t\t\t\t<div class=\"elementor-widget-container\">\n\t\t\t\t\t<span class=\"elementor-heading-title elementor-size-default\">Download Anmeldeformular f\u00fcr Markenzeichen<\/span>\t\t\t\t<\/div>\n\t\t\t\t<\/div>\n\t\t\t\t<\/div>\n\t\t<div class=\"elementor-element elementor-element-48bb19e e-con-full e-flex e-con e-child\" data-id=\"48bb19e\" data-element_type=\"container\">\n\t\t\t\t<div class=\"elementor-element elementor-element-06e1f28 elementor-view-default elementor-widget elementor-widget-icon\" data-id=\"06e1f28\" data-element_type=\"widget\" data-widget_type=\"icon.default\">\n\t\t\t\t<div class=\"elementor-widget-container\">\n\t\t\t\t\t\t\t<div class=\"elementor-icon-wrapper\">\n\t\t\t<div class=\"elementor-icon\">\n\t\t\t<svg xmlns=\"http:\/\/www.w3.org\/2000\/svg\" xmlns:xlink=\"http:\/\/www.w3.org\/1999\/xlink\" id=\"Livello_1\" x=\"0px\" y=\"0px\" viewBox=\"0 0 48 48\" style=\"enable-background:new 0 0 48 48;\" xml:space=\"preserve\"><style type=\"text\/css\">\t.st0{fill:none;stroke:#882D34;stroke-width:3;}<\/style><path class=\"st0\" d=\"M24.4,6v26.4 M24.4,32.4L36.9,20L24.4,32.4L12,20\"><\/path><path class=\"st0\" d=\"M10,40h28\"><\/path><\/svg>\t\t\t<\/div>\n\t\t<\/div>\n\t\t\t\t\t\t<\/div>\n\t\t\t\t<\/div>\n\t\t\t\t<\/div>\n\t\t\t\t\t<\/div>\n\t\t\t\t<\/a>\n\t\t\t\t<\/div>\n\t\t<div class=\"elementor-element elementor-element-023295b e-con-full elementor-hidden-mobile e-flex e-con e-child\" data-id=\"023295b\" data-element_type=\"container\">\n\t\t\t\t<div class=\"elementor-element elementor-element-28b6a90 elementor-widget elementor-widget-image\" data-id=\"28b6a90\" data-element_type=\"widget\" data-widget_type=\"image.default\">\n\t\t\t\t<div class=\"elementor-widget-container\">\n\t\t\t\t\t\t\t\t\t\t\t\t\t\t\t<img decoding=\"async\" width=\"168\" height=\"200\" src=\"https:\/\/cisonborgovivo.it\/wp-content\/uploads\/2024\/02\/logo01.png\" class=\"attachment-large size-large wp-image-3668\" alt=\"\" \/>\t\t\t\t\t\t\t\t\t\t\t\t\t\t\t<\/div>\n\t\t\t\t<\/div>\n\t\t\t\t<div class=\"elementor-element elementor-element-b02f36c elementor-hidden-tablet elementor-hidden-mobile elementor-widget-divider--view-line elementor-widget elementor-widget-divider\" data-id=\"b02f36c\" data-element_type=\"widget\" data-widget_type=\"divider.default\">\n\t\t\t\t<div class=\"elementor-widget-container\">\n\t\t\t\t\t\t\t<div class=\"elementor-divider\">\n\t\t\t<span class=\"elementor-divider-separator\">\n\t\t\t\t\t\t<\/span>\n\t\t<\/div>\n\t\t\t\t\t\t<\/div>\n\t\t\t\t<\/div>\n\t\t\t\t<div class=\"elementor-element elementor-element-2c549ec elementor-widget elementor-widget-image\" data-id=\"2c549ec\" data-element_type=\"widget\" data-widget_type=\"image.default\">\n\t\t\t\t<div class=\"elementor-widget-container\">\n\t\t\t\t\t\t\t\t\t\t\t\t\t\t\t<img decoding=\"async\" width=\"352\" height=\"100\" src=\"https:\/\/cisonborgovivo.it\/wp-content\/uploads\/2024\/02\/logo02.png\" class=\"attachment-large size-large wp-image-3670\" alt=\"\" srcset=\"https:\/\/cisonborgovivo.it\/wp-content\/uploads\/2024\/02\/logo02.png 352w, https:\/\/cisonborgovivo.it\/wp-content\/uploads\/2024\/02\/logo02-300x85.png 300w\" sizes=\"(max-width: 352px) 100vw, 352px\" \/>\t\t\t\t\t\t\t\t\t\t\t\t\t\t\t<\/div>\n\t\t\t\t<\/div>\n\t\t\t\t<div class=\"elementor-element elementor-element-28a5f1e elementor-hidden-tablet elementor-hidden-mobile elementor-widget-divider--view-line elementor-widget elementor-widget-divider\" data-id=\"28a5f1e\" data-element_type=\"widget\" data-widget_type=\"divider.default\">\n\t\t\t\t<div class=\"elementor-widget-container\">\n\t\t\t\t\t\t\t<div class=\"elementor-divider\">\n\t\t\t<span class=\"elementor-divider-separator\">\n\t\t\t\t\t\t<\/span>\n\t\t<\/div>\n\t\t\t\t\t\t<\/div>\n\t\t\t\t<\/div>\n\t\t\t\t<div class=\"elementor-element elementor-element-a390251 elementor-widget elementor-widget-image\" data-id=\"a390251\" data-element_type=\"widget\" data-widget_type=\"image.default\">\n\t\t\t\t<div class=\"elementor-widget-container\">\n\t\t\t\t\t\t\t\t\t\t\t\t\t\t\t<img decoding=\"async\" width=\"193\" height=\"150\" src=\"https:\/\/cisonborgovivo.it\/wp-content\/uploads\/2024\/02\/logo03.png\" class=\"attachment-large size-large wp-image-3672\" alt=\"\" \/>\t\t\t\t\t\t\t\t\t\t\t\t\t\t\t<\/div>\n\t\t\t\t<\/div>\n\t\t\t\t<div class=\"elementor-element elementor-element-a8cbad0 elementor-hidden-tablet elementor-hidden-mobile elementor-widget-divider--view-line elementor-widget elementor-widget-divider\" data-id=\"a8cbad0\" data-element_type=\"widget\" data-widget_type=\"divider.default\">\n\t\t\t\t<div class=\"elementor-widget-container\">\n\t\t\t\t\t\t\t<div class=\"elementor-divider\">\n\t\t\t<span class=\"elementor-divider-separator\">\n\t\t\t\t\t\t<\/span>\n\t\t<\/div>\n\t\t\t\t\t\t<\/div>\n\t\t\t\t<\/div>\n\t\t\t\t<\/div>\n\t\t\t\t\t<\/div>\n\t\t\t\t<\/div>\n\t\t\t\t<\/div>\n\t\t","protected":false},"excerpt":{"rendered":"<p>Marke Cison Borgo Vivo<\/p>\n","protected":false},"author":6,"featured_media":0,"parent":0,"menu_order":0,"comment_status":"closed","ping_status":"closed","template":"","meta":{"_acf_changed":false,"footnotes":""},"class_list":["post-3831","page","type-page","status-publish","hentry"],"acf":[],"yoast_head":"<!-- This site is optimized with the Yoast SEO plugin v26.0 - https:\/\/yoast.com\/wordpress\/plugins\/seo\/ -->\n<title>Leitfaden zur Markenidentit\u00e4t von Cison Borgo Vivo<\/title>\n<meta name=\"description\" content=\"Lesen Sie unseren umfassenden Leitfaden zur Verwendung der Cison Borgo Vivo Markenidentit\u00e4t, um sicherzustellen, dass Sie unsere Marke und unsere Werte bestm\u00f6glich repr\u00e4sentieren.\" \/>\n<meta name=\"robots\" content=\"index, follow, max-snippet:-1, max-image-preview:large, max-video-preview:-1\" \/>\n<link rel=\"canonical\" href=\"https:\/\/cisonborgovivo.it\/de\/marke-cison-borgo-vivo\/\" \/>\n<meta property=\"og:locale\" content=\"de_DE\" \/>\n<meta property=\"og:type\" content=\"article\" \/>\n<meta property=\"og:title\" content=\"Leitfaden zur Markenidentit\u00e4t von Cison Borgo Vivo\" \/>\n<meta property=\"og:description\" content=\"Lesen Sie unseren umfassenden Leitfaden zur Verwendung der Cison Borgo Vivo Markenidentit\u00e4t, um sicherzustellen, dass Sie unsere Marke und unsere Werte bestm\u00f6glich repr\u00e4sentieren.\" \/>\n<meta property=\"og:url\" content=\"https:\/\/cisonborgovivo.it\/de\/marke-cison-borgo-vivo\/\" \/>\n<meta property=\"og:site_name\" content=\"Cison Borgo Vivo\" \/>\n<meta property=\"article:modified_time\" content=\"2024-07-10T13:43:40+00:00\" \/>\n<meta property=\"og:image\" content=\"https:\/\/cisonborgovivo.it\/wp-content\/uploads\/2024\/02\/logo01.png\" \/>\n<meta name=\"twitter:card\" content=\"summary_large_image\" \/>\n<script type=\"application\/ld+json\" class=\"yoast-schema-graph\">{\"@context\":\"https:\/\/schema.org\",\"@graph\":[{\"@type\":\"WebPage\",\"@id\":\"https:\/\/cisonborgovivo.it\/de\/marke-cison-borgo-vivo\/\",\"url\":\"https:\/\/cisonborgovivo.it\/de\/marke-cison-borgo-vivo\/\",\"name\":\"Leitfaden zur Markenidentit\u00e4t von Cison Borgo Vivo\",\"isPartOf\":{\"@id\":\"https:\/\/cisonborgovivo.it\/de\/#website\"},\"primaryImageOfPage\":{\"@id\":\"https:\/\/cisonborgovivo.it\/de\/marke-cison-borgo-vivo\/#primaryimage\"},\"image\":{\"@id\":\"https:\/\/cisonborgovivo.it\/de\/marke-cison-borgo-vivo\/#primaryimage\"},\"thumbnailUrl\":\"https:\/\/cisonborgovivo.it\/wp-content\/uploads\/2024\/02\/logo01.png\",\"datePublished\":\"2024-02-29T09:18:38+00:00\",\"dateModified\":\"2024-07-10T13:43:40+00:00\",\"description\":\"Lesen Sie unseren umfassenden Leitfaden zur Verwendung der Cison Borgo Vivo Markenidentit\u00e4t, um sicherzustellen, dass Sie unsere Marke und unsere Werte bestm\u00f6glich repr\u00e4sentieren.\",\"breadcrumb\":{\"@id\":\"https:\/\/cisonborgovivo.it\/de\/marke-cison-borgo-vivo\/#breadcrumb\"},\"inLanguage\":\"de\",\"potentialAction\":[{\"@type\":\"ReadAction\",\"target\":[\"https:\/\/cisonborgovivo.it\/de\/marke-cison-borgo-vivo\/\"]}]},{\"@type\":\"ImageObject\",\"inLanguage\":\"de\",\"@id\":\"https:\/\/cisonborgovivo.it\/de\/marke-cison-borgo-vivo\/#primaryimage\",\"url\":\"https:\/\/cisonborgovivo.it\/wp-content\/uploads\/2024\/02\/logo01.png\",\"contentUrl\":\"https:\/\/cisonborgovivo.it\/wp-content\/uploads\/2024\/02\/logo01.png\"},{\"@type\":\"BreadcrumbList\",\"@id\":\"https:\/\/cisonborgovivo.it\/de\/marke-cison-borgo-vivo\/#breadcrumb\",\"itemListElement\":[{\"@type\":\"ListItem\",\"position\":1,\"name\":\"Home\",\"item\":\"https:\/\/cisonborgovivo.it\/de\/projekt\/\"},{\"@type\":\"ListItem\",\"position\":2,\"name\":\"Marke Cison Borgo Vivo\"}]},{\"@type\":\"WebSite\",\"@id\":\"https:\/\/cisonborgovivo.it\/de\/#website\",\"url\":\"https:\/\/cisonborgovivo.it\/de\/\",\"name\":\"Cison Borgo Vivo\",\"description\":\"Il cuore di un borgo che vive\",\"publisher\":{\"@id\":\"https:\/\/cisonborgovivo.it\/de\/#organization\"},\"alternateName\":\"Cison di Valmarino\",\"potentialAction\":[{\"@type\":\"SearchAction\",\"target\":{\"@type\":\"EntryPoint\",\"urlTemplate\":\"https:\/\/cisonborgovivo.it\/de\/?s={search_term_string}\"},\"query-input\":{\"@type\":\"PropertyValueSpecification\",\"valueRequired\":true,\"valueName\":\"search_term_string\"}}],\"inLanguage\":\"de\"},{\"@type\":\"Organization\",\"@id\":\"https:\/\/cisonborgovivo.it\/de\/#organization\",\"name\":\"Cison di Valmarino\",\"url\":\"https:\/\/cisonborgovivo.it\/de\/\",\"logo\":{\"@type\":\"ImageObject\",\"inLanguage\":\"de\",\"@id\":\"https:\/\/cisonborgovivo.it\/de\/#\/schema\/logo\/image\/\",\"url\":\"https:\/\/cisonborgovivo.it\/wp-content\/uploads\/2024\/02\/logo03.png\",\"contentUrl\":\"https:\/\/cisonborgovivo.it\/wp-content\/uploads\/2024\/02\/logo03.png\",\"width\":193,\"height\":150,\"caption\":\"Cison di Valmarino\"},\"image\":{\"@id\":\"https:\/\/cisonborgovivo.it\/de\/#\/schema\/logo\/image\/\"}}]}<\/script>\n<!-- \/ Yoast SEO plugin. -->","yoast_head_json":{"title":"Leitfaden zur Markenidentit\u00e4t von Cison Borgo Vivo","description":"Lesen Sie unseren umfassenden Leitfaden zur Verwendung der Cison Borgo Vivo Markenidentit\u00e4t, um sicherzustellen, dass Sie unsere Marke und unsere Werte bestm\u00f6glich repr\u00e4sentieren.","robots":{"index":"index","follow":"follow","max-snippet":"max-snippet:-1","max-image-preview":"max-image-preview:large","max-video-preview":"max-video-preview:-1"},"canonical":"https:\/\/cisonborgovivo.it\/de\/marke-cison-borgo-vivo\/","og_locale":"de_DE","og_type":"article","og_title":"Leitfaden zur Markenidentit\u00e4t von Cison Borgo Vivo","og_description":"Lesen Sie unseren umfassenden Leitfaden zur Verwendung der Cison Borgo Vivo Markenidentit\u00e4t, um sicherzustellen, dass Sie unsere Marke und unsere Werte bestm\u00f6glich repr\u00e4sentieren.","og_url":"https:\/\/cisonborgovivo.it\/de\/marke-cison-borgo-vivo\/","og_site_name":"Cison Borgo Vivo","article_modified_time":"2024-07-10T13:43:40+00:00","og_image":[{"url":"https:\/\/cisonborgovivo.it\/wp-content\/uploads\/2024\/02\/logo01.png","type":"","width":"","height":""}],"twitter_card":"summary_large_image","schema":{"@context":"https:\/\/schema.org","@graph":[{"@type":"WebPage","@id":"https:\/\/cisonborgovivo.it\/de\/marke-cison-borgo-vivo\/","url":"https:\/\/cisonborgovivo.it\/de\/marke-cison-borgo-vivo\/","name":"Leitfaden zur Markenidentit\u00e4t von Cison Borgo Vivo","isPartOf":{"@id":"https:\/\/cisonborgovivo.it\/de\/#website"},"primaryImageOfPage":{"@id":"https:\/\/cisonborgovivo.it\/de\/marke-cison-borgo-vivo\/#primaryimage"},"image":{"@id":"https:\/\/cisonborgovivo.it\/de\/marke-cison-borgo-vivo\/#primaryimage"},"thumbnailUrl":"https:\/\/cisonborgovivo.it\/wp-content\/uploads\/2024\/02\/logo01.png","datePublished":"2024-02-29T09:18:38+00:00","dateModified":"2024-07-10T13:43:40+00:00","description":"Lesen Sie unseren umfassenden Leitfaden zur Verwendung der Cison Borgo Vivo Markenidentit\u00e4t, um sicherzustellen, dass Sie unsere Marke und unsere Werte bestm\u00f6glich repr\u00e4sentieren.","breadcrumb":{"@id":"https:\/\/cisonborgovivo.it\/de\/marke-cison-borgo-vivo\/#breadcrumb"},"inLanguage":"de","potentialAction":[{"@type":"ReadAction","target":["https:\/\/cisonborgovivo.it\/de\/marke-cison-borgo-vivo\/"]}]},{"@type":"ImageObject","inLanguage":"de","@id":"https:\/\/cisonborgovivo.it\/de\/marke-cison-borgo-vivo\/#primaryimage","url":"https:\/\/cisonborgovivo.it\/wp-content\/uploads\/2024\/02\/logo01.png","contentUrl":"https:\/\/cisonborgovivo.it\/wp-content\/uploads\/2024\/02\/logo01.png"},{"@type":"BreadcrumbList","@id":"https:\/\/cisonborgovivo.it\/de\/marke-cison-borgo-vivo\/#breadcrumb","itemListElement":[{"@type":"ListItem","position":1,"name":"Home","item":"https:\/\/cisonborgovivo.it\/de\/projekt\/"},{"@type":"ListItem","position":2,"name":"Marke Cison Borgo Vivo"}]},{"@type":"WebSite","@id":"https:\/\/cisonborgovivo.it\/de\/#website","url":"https:\/\/cisonborgovivo.it\/de\/","name":"Cison Borgo Vivo","description":"Il cuore di un borgo che vive","publisher":{"@id":"https:\/\/cisonborgovivo.it\/de\/#organization"},"alternateName":"Cison di Valmarino","potentialAction":[{"@type":"SearchAction","target":{"@type":"EntryPoint","urlTemplate":"https:\/\/cisonborgovivo.it\/de\/?s={search_term_string}"},"query-input":{"@type":"PropertyValueSpecification","valueRequired":true,"valueName":"search_term_string"}}],"inLanguage":"de"},{"@type":"Organization","@id":"https:\/\/cisonborgovivo.it\/de\/#organization","name":"Cison di Valmarino","url":"https:\/\/cisonborgovivo.it\/de\/","logo":{"@type":"ImageObject","inLanguage":"de","@id":"https:\/\/cisonborgovivo.it\/de\/#\/schema\/logo\/image\/","url":"https:\/\/cisonborgovivo.it\/wp-content\/uploads\/2024\/02\/logo03.png","contentUrl":"https:\/\/cisonborgovivo.it\/wp-content\/uploads\/2024\/02\/logo03.png","width":193,"height":150,"caption":"Cison di Valmarino"},"image":{"@id":"https:\/\/cisonborgovivo.it\/de\/#\/schema\/logo\/image\/"}}]}},"_links":{"self":[{"href":"https:\/\/cisonborgovivo.it\/de\/wp-json\/wp\/v2\/pages\/3831","targetHints":{"allow":["GET"]}}],"collection":[{"href":"https:\/\/cisonborgovivo.it\/de\/wp-json\/wp\/v2\/pages"}],"about":[{"href":"https:\/\/cisonborgovivo.it\/de\/wp-json\/wp\/v2\/types\/page"}],"author":[{"embeddable":true,"href":"https:\/\/cisonborgovivo.it\/de\/wp-json\/wp\/v2\/users\/6"}],"replies":[{"embeddable":true,"href":"https:\/\/cisonborgovivo.it\/de\/wp-json\/wp\/v2\/comments?post=3831"}],"version-history":[{"count":1,"href":"https:\/\/cisonborgovivo.it\/de\/wp-json\/wp\/v2\/pages\/3831\/revisions"}],"predecessor-version":[{"id":3832,"href":"https:\/\/cisonborgovivo.it\/de\/wp-json\/wp\/v2\/pages\/3831\/revisions\/3832"}],"wp:attachment":[{"href":"https:\/\/cisonborgovivo.it\/de\/wp-json\/wp\/v2\/media?parent=3831"}],"curies":[{"name":"wp","href":"https:\/\/api.w.org\/{rel}","templated":true}]}}