{"id":3839,"date":"2024-02-29T10:18:00","date_gmt":"2024-02-29T09:18:00","guid":{"rendered":"https:\/\/cisonborgovivo.it\/kontakt\/"},"modified":"2024-07-10T15:44:26","modified_gmt":"2024-07-10T13:44:26","slug":"kontakt","status":"publish","type":"page","link":"https:\/\/cisonborgovivo.it\/de\/kontakt\/","title":{"rendered":"Kontakt"},"content":{"rendered":"\t\t<div data-elementor-type=\"wp-page\" data-elementor-id=\"3839\" class=\"elementor elementor-3839 elementor-1800\" data-elementor-post-type=\"page\">\n\t\t\t\t<div class=\"elementor-element elementor-element-4ad7aaa e-flex e-con-boxed e-con e-parent\" data-id=\"4ad7aaa\" data-element_type=\"container\" data-settings=\"{&quot;background_background&quot;:&quot;classic&quot;}\">\n\t\t\t\t\t<div class=\"e-con-inner\">\n\t\t\t\t<div class=\"elementor-element elementor-element-f8cc9c6 elementor-widget elementor-widget-heading\" data-id=\"f8cc9c6\" data-element_type=\"widget\" data-widget_type=\"heading.default\">\n\t\t\t\t<div class=\"elementor-widget-container\">\n\t\t\t\t\t<h1 class=\"elementor-heading-title elementor-size-default\">Kontakt<\/h1>\t\t\t\t<\/div>\n\t\t\t\t<\/div>\n\t\t\t\t\t<\/div>\n\t\t\t\t<\/div>\n\t\t<div class=\"elementor-element elementor-element-72d24f9 e-flex e-con-boxed e-con e-parent\" data-id=\"72d24f9\" data-element_type=\"container\">\n\t\t\t\t\t<div class=\"e-con-inner\">\n\t\t<div class=\"elementor-element elementor-element-6bfa118 e-flex e-con-boxed e-con e-child\" data-id=\"6bfa118\" data-element_type=\"container\">\n\t\t\t\t\t<div class=\"e-con-inner\">\n\t\t\t\t<div class=\"elementor-element elementor-element-00c74f8 elementor-widget elementor-widget-heading\" data-id=\"00c74f8\" data-element_type=\"widget\" data-widget_type=\"heading.default\">\n\t\t\t\t<div class=\"elementor-widget-container\">\n\t\t\t\t\t<p class=\"elementor-heading-title elementor-size-default\">Sie k\u00f6nnen uns f\u00fcr weitere Informationen oder andere Klarstellungen anschreiben.<\/p>\t\t\t\t<\/div>\n\t\t\t\t<\/div>\n\t\t\t\t<div class=\"elementor-element elementor-element-6c12940 elementor-widget elementor-widget-heading\" data-id=\"6c12940\" data-element_type=\"widget\" data-widget_type=\"heading.default\">\n\t\t\t\t<div class=\"elementor-widget-container\">\n\t\t\t\t\t<span class=\"elementor-heading-title elementor-size-default\"><a href=\"mailto:info@comune.cisondivalmarino.tv.it\">info@comune.cisondivalmarino.tv.it<\/a><\/span>\t\t\t\t<\/div>\n\t\t\t\t<\/div>\n\t\t\t\t<div class=\"elementor-element elementor-element-867f513 elementor-widget elementor-widget-text-editor\" data-id=\"867f513\" data-element_type=\"widget\" data-widget_type=\"text-editor.default\">\n\t\t\t\t<div class=\"elementor-widget-container\">\n\t\t\t\t\t\t\t\t\t<p><strong>Info-Punkt<\/strong><\/p>\n<p>Piazza Roma, 1<br \/>\n31030 Cison di Valmarino<br \/>\nTreviso (TV) &#8211; Italien<\/p>\n\t\t\t\t\t\t\t\t<\/div>\n\t\t\t\t<\/div>\n\t\t\t\t\t<\/div>\n\t\t\t\t<\/div>\n\t\t<div class=\"elementor-element elementor-element-5104a3e e-flex e-con-boxed e-con e-child\" data-id=\"5104a3e\" data-element_type=\"container\">\n\t\t\t\t\t<div class=\"e-con-inner\">\n\t\t\t\t<div class=\"elementor-element elementor-element-2f85a2a elementor-widget elementor-widget-image\" data-id=\"2f85a2a\" data-element_type=\"widget\" data-widget_type=\"image.default\">\n\t\t\t\t<div class=\"elementor-widget-container\">\n\t\t\t\t\t\t\t\t\t\t\t\t\t\t\t\t<a href=\"https:\/\/maps.app.goo.gl\/NBUgVweiuZxdDLFS8\" target=\"_blank\">\n\t\t\t\t\t\t\t<img fetchpriority=\"high\" decoding=\"async\" width=\"1412\" height=\"1217\" src=\"https:\/\/cisonborgovivo.it\/wp-content\/uploads\/2024\/03\/cison-mappa.jpg\" class=\"attachment-full size-full wp-image-3778\" alt=\"\" srcset=\"https:\/\/cisonborgovivo.it\/wp-content\/uploads\/2024\/03\/cison-mappa.jpg 1412w, https:\/\/cisonborgovivo.it\/wp-content\/uploads\/2024\/03\/cison-mappa-300x259.jpg 300w, https:\/\/cisonborgovivo.it\/wp-content\/uploads\/2024\/03\/cison-mappa-1024x883.jpg 1024w, https:\/\/cisonborgovivo.it\/wp-content\/uploads\/2024\/03\/cison-mappa-768x662.jpg 768w\" sizes=\"(max-width: 1412px) 100vw, 1412px\" \/>\t\t\t\t\t\t\t\t<\/a>\n\t\t\t\t\t\t\t\t\t\t\t\t\t\t\t<\/div>\n\t\t\t\t<\/div>\n\t\t\t\t\t<\/div>\n\t\t\t\t<\/div>\n\t\t\t\t\t<\/div>\n\t\t\t\t<\/div>\n\t\t<div class=\"elementor-element elementor-element-76ded12 e-flex e-con-boxed e-con e-parent\" data-id=\"76ded12\" data-element_type=\"container\">\n\t\t\t\t\t<div class=\"e-con-inner\">\n\t\t\t\t<div class=\"elementor-element elementor-element-e6b212a elementor-widget elementor-widget-heading\" data-id=\"e6b212a\" data-element_type=\"widget\" data-widget_type=\"heading.default\">\n\t\t\t\t<div class=\"elementor-widget-container\">\n\t\t\t\t\t<span class=\"elementor-heading-title elementor-size-default\">Wie Sie uns erreichen<\/span>\t\t\t\t<\/div>\n\t\t\t\t<\/div>\n\t\t\t\t<div class=\"elementor-element elementor-element-82d5f43 elementor-widget-divider--view-line elementor-widget elementor-widget-divider\" data-id=\"82d5f43\" data-element_type=\"widget\" data-widget_type=\"divider.default\">\n\t\t\t\t<div class=\"elementor-widget-container\">\n\t\t\t\t\t\t\t<div class=\"elementor-divider\">\n\t\t\t<span class=\"elementor-divider-separator\">\n\t\t\t\t\t\t<\/span>\n\t\t<\/div>\n\t\t\t\t\t\t<\/div>\n\t\t\t\t<\/div>\n\t\t\t\t\t<\/div>\n\t\t\t\t<\/div>\n\t\t<div class=\"elementor-element elementor-element-782091a e-grid e-con-boxed e-con e-parent\" data-id=\"782091a\" data-element_type=\"container\">\n\t\t\t\t\t<div class=\"e-con-inner\">\n\t\t<div class=\"elementor-element elementor-element-599d887 e-con-full e-flex e-con e-child\" data-id=\"599d887\" data-element_type=\"container\" data-settings=\"{&quot;background_background&quot;:&quot;classic&quot;}\">\n\t\t<div class=\"elementor-element elementor-element-2b97061 e-con-full e-flex e-con e-child\" data-id=\"2b97061\" data-element_type=\"container\">\n\t\t\t\t<div class=\"elementor-element elementor-element-4793b47 elementor-widget elementor-widget-image\" data-id=\"4793b47\" data-element_type=\"widget\" data-widget_type=\"image.default\">\n\t\t\t\t<div class=\"elementor-widget-container\">\n\t\t\t\t\t\t\t\t\t\t\t\t\t\t\t<img decoding=\"async\" width=\"51\" height=\"46\" src=\"https:\/\/cisonborgovivo.it\/wp-content\/uploads\/2024\/03\/auto_1.svg\" class=\"attachment-full size-full wp-image-3790\" alt=\"\" \/>\t\t\t\t\t\t\t\t\t\t\t\t\t\t\t<\/div>\n\t\t\t\t<\/div>\n\t\t\t\t<\/div>\n\t\t<div class=\"elementor-element elementor-element-512ef16 e-con-full e-flex e-con e-child\" data-id=\"512ef16\" data-element_type=\"container\">\n\t\t\t\t<div class=\"elementor-element elementor-element-57ed423 elementor-widget elementor-widget-heading\" data-id=\"57ed423\" data-element_type=\"widget\" data-widget_type=\"heading.default\">\n\t\t\t\t<div class=\"elementor-widget-container\">\n\t\t\t\t\t<h2 class=\"elementor-heading-title elementor-size-default\">Mit dem Auto<\/h2>\t\t\t\t<\/div>\n\t\t\t\t<\/div>\n\t\t\t\t<div class=\"elementor-element elementor-element-42d6a63 elementor-widget elementor-widget-text-editor\" data-id=\"42d6a63\" data-element_type=\"widget\" data-widget_type=\"text-editor.default\">\n\t\t\t\t<div class=\"elementor-widget-container\">\n\t\t\t\t\t\t\t\t\tVon Venedig aus nehmen Sie die Autobahn A27, nehmen die Ausfahrt Vittorio Veneto Sud und folgen der Beschilderung nach Cison di Valmarino.\t\t\t\t\t\t\t\t<\/div>\n\t\t\t\t<\/div>\n\t\t\t\t<\/div>\n\t\t\t\t<\/div>\n\t\t<div class=\"elementor-element elementor-element-39355db e-con-full e-flex e-con e-child\" data-id=\"39355db\" data-element_type=\"container\" data-settings=\"{&quot;background_background&quot;:&quot;classic&quot;}\">\n\t\t<div class=\"elementor-element elementor-element-e590f39 e-con-full e-flex e-con e-child\" data-id=\"e590f39\" data-element_type=\"container\">\n\t\t\t\t<div class=\"elementor-element elementor-element-5654d51 elementor-widget elementor-widget-image\" data-id=\"5654d51\" data-element_type=\"widget\" data-widget_type=\"image.default\">\n\t\t\t\t<div class=\"elementor-widget-container\">\n\t\t\t\t\t\t\t\t\t\t\t\t\t\t\t<img decoding=\"async\" width=\"53\" height=\"63\" src=\"https:\/\/cisonborgovivo.it\/wp-content\/uploads\/2024\/03\/autobus.svg\" class=\"attachment-full size-full wp-image-3794\" alt=\"\" \/>\t\t\t\t\t\t\t\t\t\t\t\t\t\t\t<\/div>\n\t\t\t\t<\/div>\n\t\t\t\t<\/div>\n\t\t<div class=\"elementor-element elementor-element-c7a3c8e e-con-full e-flex e-con e-child\" data-id=\"c7a3c8e\" data-element_type=\"container\">\n\t\t\t\t<div class=\"elementor-element elementor-element-0a78833 elementor-widget elementor-widget-heading\" data-id=\"0a78833\" data-element_type=\"widget\" data-widget_type=\"heading.default\">\n\t\t\t\t<div class=\"elementor-widget-container\">\n\t\t\t\t\t<h2 class=\"elementor-heading-title elementor-size-default\">Mit dem Zug<\/h2>\t\t\t\t<\/div>\n\t\t\t\t<\/div>\n\t\t\t\t<div class=\"elementor-element elementor-element-b37050f elementor-widget elementor-widget-text-editor\" data-id=\"b37050f\" data-element_type=\"widget\" data-widget_type=\"text-editor.default\">\n\t\t\t\t<div class=\"elementor-widget-container\">\n\t\t\t\t\t\t\t\t\tDie n\u00e4chstgelegenen Bahnh\u00f6fe sind Conegliano und Vittorio Veneto, von dort aus kann man mit dem Bus oder Taxi nach Cison di Valmarino fahren.\t\t\t\t\t\t\t\t<\/div>\n\t\t\t\t<\/div>\n\t\t\t\t<\/div>\n\t\t\t\t<\/div>\n\t\t<div class=\"elementor-element elementor-element-d48a9c1 e-con-full e-flex e-con e-child\" data-id=\"d48a9c1\" data-element_type=\"container\" data-settings=\"{&quot;background_background&quot;:&quot;classic&quot;}\">\n\t\t<div class=\"elementor-element elementor-element-8e58ed4 e-con-full e-flex e-con e-child\" data-id=\"8e58ed4\" data-element_type=\"container\">\n\t\t\t\t<div class=\"elementor-element elementor-element-705474f elementor-widget elementor-widget-image\" data-id=\"705474f\" data-element_type=\"widget\" data-widget_type=\"image.default\">\n\t\t\t\t<div class=\"elementor-widget-container\">\n\t\t\t\t\t\t\t\t\t\t\t\t\t\t\t<img decoding=\"async\" width=\"53\" height=\"63\" src=\"https:\/\/cisonborgovivo.it\/wp-content\/uploads\/2024\/03\/autobus.svg\" class=\"attachment-full size-full wp-image-3794\" alt=\"\" \/>\t\t\t\t\t\t\t\t\t\t\t\t\t\t\t<\/div>\n\t\t\t\t<\/div>\n\t\t\t\t<\/div>\n\t\t<div class=\"elementor-element elementor-element-f08da81 e-con-full e-flex e-con e-child\" data-id=\"f08da81\" data-element_type=\"container\">\n\t\t\t\t<div class=\"elementor-element elementor-element-7c168bf elementor-widget elementor-widget-heading\" data-id=\"7c168bf\" data-element_type=\"widget\" data-widget_type=\"heading.default\">\n\t\t\t\t<div class=\"elementor-widget-container\">\n\t\t\t\t\t<h2 class=\"elementor-heading-title elementor-size-default\">Mit dem Bus<\/h2>\t\t\t\t<\/div>\n\t\t\t\t<\/div>\n\t\t\t\t<div class=\"elementor-element elementor-element-d18600b elementor-widget elementor-widget-text-editor\" data-id=\"d18600b\" data-element_type=\"widget\" data-widget_type=\"text-editor.default\">\n\t\t\t\t<div class=\"elementor-widget-container\">\n\t\t\t\t\t\t\t\t\tLokale Buslinien verbinden Cison mit Conegliano und Vittorio Veneto. Fahrpl\u00e4ne online pr\u00fcfen unter <a href=\"mobilitadimarca.it\">mobilitadimarca.<\/a>it \t\t\t\t\t\t\t\t<\/div>\n\t\t\t\t<\/div>\n\t\t\t\t<\/div>\n\t\t\t\t<\/div>\n\t\t<div class=\"elementor-element elementor-element-b9e8938 e-con-full e-flex e-con e-child\" data-id=\"b9e8938\" data-element_type=\"container\" data-settings=\"{&quot;background_background&quot;:&quot;classic&quot;}\">\n\t\t<div class=\"elementor-element elementor-element-0a76663 e-con-full e-flex e-con e-child\" data-id=\"0a76663\" data-element_type=\"container\">\n\t\t\t\t<div class=\"elementor-element elementor-element-f1c7ec8 elementor-widget elementor-widget-image\" data-id=\"f1c7ec8\" data-element_type=\"widget\" data-widget_type=\"image.default\">\n\t\t\t\t<div class=\"elementor-widget-container\">\n\t\t\t\t\t\t\t\t\t\t\t\t\t\t\t<img loading=\"lazy\" decoding=\"async\" width=\"70\" height=\"79\" src=\"https:\/\/cisonborgovivo.it\/wp-content\/uploads\/2024\/03\/aereo.svg\" class=\"attachment-full size-full wp-image-3786\" alt=\"\" \/>\t\t\t\t\t\t\t\t\t\t\t\t\t\t\t<\/div>\n\t\t\t\t<\/div>\n\t\t\t\t<\/div>\n\t\t<div class=\"elementor-element elementor-element-b4ea629 e-con-full e-flex e-con e-child\" data-id=\"b4ea629\" data-element_type=\"container\">\n\t\t\t\t<div class=\"elementor-element elementor-element-9cc39db elementor-widget elementor-widget-heading\" data-id=\"9cc39db\" data-element_type=\"widget\" data-widget_type=\"heading.default\">\n\t\t\t\t<div class=\"elementor-widget-container\">\n\t\t\t\t\t<h2 class=\"elementor-heading-title elementor-size-default\">Mit dem Flugzeug<\/h2>\t\t\t\t<\/div>\n\t\t\t\t<\/div>\n\t\t\t\t<div class=\"elementor-element elementor-element-c20cfbd elementor-widget elementor-widget-text-editor\" data-id=\"c20cfbd\" data-element_type=\"widget\" data-widget_type=\"text-editor.default\">\n\t\t\t\t<div class=\"elementor-widget-container\">\n\t\t\t\t\t\t\t\t\tDie n\u00e4chstgelegenen Flugh\u00e4fen sind Treviso A. Canova und Venedig Marco Polo. Von dort aus k\u00f6nnen Sie ein Auto mieten oder mit \u00f6ffentlichen Verkehrsmitteln nach Cison di Valmarino fahren.\t\t\t\t\t\t\t\t<\/div>\n\t\t\t\t<\/div>\n\t\t\t\t<\/div>\n\t\t\t\t<\/div>\n\t\t\t\t\t<\/div>\n\t\t\t\t<\/div>\n\t\t\t\t<\/div>\n\t\t","protected":false},"excerpt":{"rendered":"<p>Wie Sie uns erreichen Mit dem Auto Mit dem Zug Mit dem Bus Mit dem Flugzeug<\/p>\n","protected":false},"author":6,"featured_media":0,"parent":0,"menu_order":0,"comment_status":"closed","ping_status":"closed","template":"","meta":{"_acf_changed":false,"footnotes":""},"class_list":["post-3839","page","type-page","status-publish","hentry"],"acf":[],"yoast_head":"<!-- This site is optimized with the Yoast SEO plugin v26.0 - https:\/\/yoast.com\/wordpress\/plugins\/seo\/ -->\n<title>Kontaktieren Sie uns f\u00fcr weitere Informationen<\/title>\n<meta name=\"description\" content=\"Haben Sie Fragen zu Cison di Valmarino oder w\u00fcnschen Sie weitere Informationen? Kontakt zu Cison Borgo Vivo: Hier finden Sie alle Informationen, um uns zu erreichen und mit uns zu kommunizieren.\" \/>\n<meta name=\"robots\" content=\"index, follow, max-snippet:-1, max-image-preview:large, max-video-preview:-1\" \/>\n<link rel=\"canonical\" href=\"https:\/\/cisonborgovivo.it\/de\/kontakt\/\" \/>\n<meta property=\"og:locale\" content=\"de_DE\" \/>\n<meta property=\"og:type\" content=\"article\" \/>\n<meta property=\"og:title\" content=\"Kontaktieren Sie uns f\u00fcr weitere Informationen\" \/>\n<meta property=\"og:description\" content=\"Haben Sie Fragen zu Cison di Valmarino oder w\u00fcnschen Sie weitere Informationen? Kontakt zu Cison Borgo Vivo: Hier finden Sie alle Informationen, um uns zu erreichen und mit uns zu kommunizieren.\" \/>\n<meta property=\"og:url\" content=\"https:\/\/cisonborgovivo.it\/de\/kontakt\/\" \/>\n<meta property=\"og:site_name\" content=\"Cison Borgo Vivo\" \/>\n<meta property=\"article:modified_time\" content=\"2024-07-10T13:44:26+00:00\" \/>\n<meta property=\"og:image\" content=\"https:\/\/cisonborgovivo.it\/wp-content\/uploads\/2024\/03\/cison-mappa.jpg\" \/>\n<meta name=\"twitter:card\" content=\"summary_large_image\" \/>\n<script type=\"application\/ld+json\" class=\"yoast-schema-graph\">{\"@context\":\"https:\/\/schema.org\",\"@graph\":[{\"@type\":\"WebPage\",\"@id\":\"https:\/\/cisonborgovivo.it\/de\/kontakt\/\",\"url\":\"https:\/\/cisonborgovivo.it\/de\/kontakt\/\",\"name\":\"Kontaktieren Sie uns f\u00fcr weitere Informationen\",\"isPartOf\":{\"@id\":\"https:\/\/cisonborgovivo.it\/de\/#website\"},\"primaryImageOfPage\":{\"@id\":\"https:\/\/cisonborgovivo.it\/de\/kontakt\/#primaryimage\"},\"image\":{\"@id\":\"https:\/\/cisonborgovivo.it\/de\/kontakt\/#primaryimage\"},\"thumbnailUrl\":\"https:\/\/cisonborgovivo.it\/wp-content\/uploads\/2024\/03\/cison-mappa.jpg\",\"datePublished\":\"2024-02-29T09:18:00+00:00\",\"dateModified\":\"2024-07-10T13:44:26+00:00\",\"description\":\"Haben Sie Fragen zu Cison di Valmarino oder w\u00fcnschen Sie weitere Informationen? Kontakt zu Cison Borgo Vivo: Hier finden Sie alle Informationen, um uns zu erreichen und mit uns zu kommunizieren.\",\"breadcrumb\":{\"@id\":\"https:\/\/cisonborgovivo.it\/de\/kontakt\/#breadcrumb\"},\"inLanguage\":\"de\",\"potentialAction\":[{\"@type\":\"ReadAction\",\"target\":[\"https:\/\/cisonborgovivo.it\/de\/kontakt\/\"]}]},{\"@type\":\"ImageObject\",\"inLanguage\":\"de\",\"@id\":\"https:\/\/cisonborgovivo.it\/de\/kontakt\/#primaryimage\",\"url\":\"https:\/\/cisonborgovivo.it\/wp-content\/uploads\/2024\/03\/cison-mappa.jpg\",\"contentUrl\":\"https:\/\/cisonborgovivo.it\/wp-content\/uploads\/2024\/03\/cison-mappa.jpg\"},{\"@type\":\"BreadcrumbList\",\"@id\":\"https:\/\/cisonborgovivo.it\/de\/kontakt\/#breadcrumb\",\"itemListElement\":[{\"@type\":\"ListItem\",\"position\":1,\"name\":\"Home\",\"item\":\"https:\/\/cisonborgovivo.it\/de\/projekt\/\"},{\"@type\":\"ListItem\",\"position\":2,\"name\":\"Kontakt\"}]},{\"@type\":\"WebSite\",\"@id\":\"https:\/\/cisonborgovivo.it\/de\/#website\",\"url\":\"https:\/\/cisonborgovivo.it\/de\/\",\"name\":\"Cison Borgo Vivo\",\"description\":\"Il cuore di un borgo che vive\",\"publisher\":{\"@id\":\"https:\/\/cisonborgovivo.it\/de\/#organization\"},\"alternateName\":\"Cison di Valmarino\",\"potentialAction\":[{\"@type\":\"SearchAction\",\"target\":{\"@type\":\"EntryPoint\",\"urlTemplate\":\"https:\/\/cisonborgovivo.it\/de\/?s={search_term_string}\"},\"query-input\":{\"@type\":\"PropertyValueSpecification\",\"valueRequired\":true,\"valueName\":\"search_term_string\"}}],\"inLanguage\":\"de\"},{\"@type\":\"Organization\",\"@id\":\"https:\/\/cisonborgovivo.it\/de\/#organization\",\"name\":\"Cison di Valmarino\",\"url\":\"https:\/\/cisonborgovivo.it\/de\/\",\"logo\":{\"@type\":\"ImageObject\",\"inLanguage\":\"de\",\"@id\":\"https:\/\/cisonborgovivo.it\/de\/#\/schema\/logo\/image\/\",\"url\":\"https:\/\/cisonborgovivo.it\/wp-content\/uploads\/2024\/02\/logo03.png\",\"contentUrl\":\"https:\/\/cisonborgovivo.it\/wp-content\/uploads\/2024\/02\/logo03.png\",\"width\":193,\"height\":150,\"caption\":\"Cison di Valmarino\"},\"image\":{\"@id\":\"https:\/\/cisonborgovivo.it\/de\/#\/schema\/logo\/image\/\"}}]}<\/script>\n<!-- \/ Yoast SEO plugin. -->","yoast_head_json":{"title":"Kontaktieren Sie uns f\u00fcr weitere Informationen","description":"Haben Sie Fragen zu Cison di Valmarino oder w\u00fcnschen Sie weitere Informationen? Kontakt zu Cison Borgo Vivo: Hier finden Sie alle Informationen, um uns zu erreichen und mit uns zu kommunizieren.","robots":{"index":"index","follow":"follow","max-snippet":"max-snippet:-1","max-image-preview":"max-image-preview:large","max-video-preview":"max-video-preview:-1"},"canonical":"https:\/\/cisonborgovivo.it\/de\/kontakt\/","og_locale":"de_DE","og_type":"article","og_title":"Kontaktieren Sie uns f\u00fcr weitere Informationen","og_description":"Haben Sie Fragen zu Cison di Valmarino oder w\u00fcnschen Sie weitere Informationen? Kontakt zu Cison Borgo Vivo: Hier finden Sie alle Informationen, um uns zu erreichen und mit uns zu kommunizieren.","og_url":"https:\/\/cisonborgovivo.it\/de\/kontakt\/","og_site_name":"Cison Borgo Vivo","article_modified_time":"2024-07-10T13:44:26+00:00","og_image":[{"url":"https:\/\/cisonborgovivo.it\/wp-content\/uploads\/2024\/03\/cison-mappa.jpg","type":"","width":"","height":""}],"twitter_card":"summary_large_image","schema":{"@context":"https:\/\/schema.org","@graph":[{"@type":"WebPage","@id":"https:\/\/cisonborgovivo.it\/de\/kontakt\/","url":"https:\/\/cisonborgovivo.it\/de\/kontakt\/","name":"Kontaktieren Sie uns f\u00fcr weitere Informationen","isPartOf":{"@id":"https:\/\/cisonborgovivo.it\/de\/#website"},"primaryImageOfPage":{"@id":"https:\/\/cisonborgovivo.it\/de\/kontakt\/#primaryimage"},"image":{"@id":"https:\/\/cisonborgovivo.it\/de\/kontakt\/#primaryimage"},"thumbnailUrl":"https:\/\/cisonborgovivo.it\/wp-content\/uploads\/2024\/03\/cison-mappa.jpg","datePublished":"2024-02-29T09:18:00+00:00","dateModified":"2024-07-10T13:44:26+00:00","description":"Haben Sie Fragen zu Cison di Valmarino oder w\u00fcnschen Sie weitere Informationen? Kontakt zu Cison Borgo Vivo: Hier finden Sie alle Informationen, um uns zu erreichen und mit uns zu kommunizieren.","breadcrumb":{"@id":"https:\/\/cisonborgovivo.it\/de\/kontakt\/#breadcrumb"},"inLanguage":"de","potentialAction":[{"@type":"ReadAction","target":["https:\/\/cisonborgovivo.it\/de\/kontakt\/"]}]},{"@type":"ImageObject","inLanguage":"de","@id":"https:\/\/cisonborgovivo.it\/de\/kontakt\/#primaryimage","url":"https:\/\/cisonborgovivo.it\/wp-content\/uploads\/2024\/03\/cison-mappa.jpg","contentUrl":"https:\/\/cisonborgovivo.it\/wp-content\/uploads\/2024\/03\/cison-mappa.jpg"},{"@type":"BreadcrumbList","@id":"https:\/\/cisonborgovivo.it\/de\/kontakt\/#breadcrumb","itemListElement":[{"@type":"ListItem","position":1,"name":"Home","item":"https:\/\/cisonborgovivo.it\/de\/projekt\/"},{"@type":"ListItem","position":2,"name":"Kontakt"}]},{"@type":"WebSite","@id":"https:\/\/cisonborgovivo.it\/de\/#website","url":"https:\/\/cisonborgovivo.it\/de\/","name":"Cison Borgo Vivo","description":"Il cuore di un borgo che vive","publisher":{"@id":"https:\/\/cisonborgovivo.it\/de\/#organization"},"alternateName":"Cison di Valmarino","potentialAction":[{"@type":"SearchAction","target":{"@type":"EntryPoint","urlTemplate":"https:\/\/cisonborgovivo.it\/de\/?s={search_term_string}"},"query-input":{"@type":"PropertyValueSpecification","valueRequired":true,"valueName":"search_term_string"}}],"inLanguage":"de"},{"@type":"Organization","@id":"https:\/\/cisonborgovivo.it\/de\/#organization","name":"Cison di Valmarino","url":"https:\/\/cisonborgovivo.it\/de\/","logo":{"@type":"ImageObject","inLanguage":"de","@id":"https:\/\/cisonborgovivo.it\/de\/#\/schema\/logo\/image\/","url":"https:\/\/cisonborgovivo.it\/wp-content\/uploads\/2024\/02\/logo03.png","contentUrl":"https:\/\/cisonborgovivo.it\/wp-content\/uploads\/2024\/02\/logo03.png","width":193,"height":150,"caption":"Cison di Valmarino"},"image":{"@id":"https:\/\/cisonborgovivo.it\/de\/#\/schema\/logo\/image\/"}}]}},"_links":{"self":[{"href":"https:\/\/cisonborgovivo.it\/de\/wp-json\/wp\/v2\/pages\/3839","targetHints":{"allow":["GET"]}}],"collection":[{"href":"https:\/\/cisonborgovivo.it\/de\/wp-json\/wp\/v2\/pages"}],"about":[{"href":"https:\/\/cisonborgovivo.it\/de\/wp-json\/wp\/v2\/types\/page"}],"author":[{"embeddable":true,"href":"https:\/\/cisonborgovivo.it\/de\/wp-json\/wp\/v2\/users\/6"}],"replies":[{"embeddable":true,"href":"https:\/\/cisonborgovivo.it\/de\/wp-json\/wp\/v2\/comments?post=3839"}],"version-history":[{"count":1,"href":"https:\/\/cisonborgovivo.it\/de\/wp-json\/wp\/v2\/pages\/3839\/revisions"}],"predecessor-version":[{"id":3840,"href":"https:\/\/cisonborgovivo.it\/de\/wp-json\/wp\/v2\/pages\/3839\/revisions\/3840"}],"wp:attachment":[{"href":"https:\/\/cisonborgovivo.it\/de\/wp-json\/wp\/v2\/media?parent=3839"}],"curies":[{"name":"wp","href":"https:\/\/api.w.org\/{rel}","templated":true}]}}