{"id":3891,"date":"2023-11-02T15:13:26","date_gmt":"2023-11-02T14:13:26","guid":{"rendered":"https:\/\/cisonborgovivo.it\/territorium\/"},"modified":"2024-07-10T15:52:50","modified_gmt":"2024-07-10T13:52:50","slug":"territorium","status":"publish","type":"page","link":"https:\/\/cisonborgovivo.it\/de\/territorium\/","title":{"rendered":"Territorium"},"content":{"rendered":"\t\t<div data-elementor-type=\"wp-page\" data-elementor-id=\"3891\" class=\"elementor elementor-3891 elementor-60\" data-elementor-post-type=\"page\">\n\t\t\t\t<div data-dce-background-overlay-image-url=\"https:\/\/cisonborgovivo.it\/wp-content\/uploads\/2024\/03\/header-territorio-mobile.jpg\" class=\"elementor-element elementor-element-a8a2919 e-flex e-con-boxed e-con e-parent\" data-id=\"a8a2919\" data-element_type=\"container\" data-settings=\"{&quot;background_background&quot;:&quot;video&quot;,&quot;background_video_start&quot;:0,&quot;background_privacy_mode&quot;:&quot;yes&quot;,&quot;background_video_link&quot;:&quot;https:\\\/\\\/cisonborgovivo.it\\\/wp-content\\\/uploads\\\/2024\\\/03\\\/header-loop-2880.webm&quot;,&quot;background_video_end&quot;:999}\">\n\t\t\t\t\t<div class=\"e-con-inner\">\n\t\t<div class=\"elementor-background-video-container elementor-hidden-mobile\" aria-hidden=\"true\">\n\t\t\t\t\t\t\t<video class=\"elementor-background-video-hosted\" autoplay muted playsinline loop><\/video>\n\t\t\t\t\t<\/div>\t\t<div class=\"elementor-element elementor-element-871d036 elementor-widget elementor-widget-heading\" data-id=\"871d036\" data-element_type=\"widget\" data-widget_type=\"heading.default\">\n\t\t\t\t<div class=\"elementor-widget-container\">\n\t\t\t\t\t<h1 class=\"elementor-heading-title elementor-size-default\">Ein Gebiet, das es zu erforschen gilt<\/h1>\t\t\t\t<\/div>\n\t\t\t\t<\/div>\n\t\t\t\t\t<\/div>\n\t\t\t\t<\/div>\n\t\t<div class=\"elementor-element elementor-element-b4cf6dd e-flex e-con-boxed e-con e-parent\" data-id=\"b4cf6dd\" data-element_type=\"container\">\n\t\t\t\t\t<div class=\"e-con-inner\">\n\t\t<div class=\"elementor-element elementor-element-a22f9cb e-flex e-con-boxed e-con e-child\" data-id=\"a22f9cb\" data-element_type=\"container\">\n\t\t\t\t\t<div class=\"e-con-inner\">\n\t\t\t\t<div class=\"elementor-element elementor-element-21988c6 elementor-widget elementor-widget-heading\" data-id=\"21988c6\" data-element_type=\"widget\" data-widget_type=\"heading.default\">\n\t\t\t\t<div class=\"elementor-widget-container\">\n\t\t\t\t\t<h2 class=\"elementor-heading-title elementor-size-default\">Ein dichtes Netz von Wegen und Geschichten<\/h2>\t\t\t\t<\/div>\n\t\t\t\t<\/div>\n\t\t\t\t\t<\/div>\n\t\t\t\t<\/div>\n\t\t<div class=\"elementor-element elementor-element-8534a60 e-flex e-con-boxed e-con e-child\" data-id=\"8534a60\" data-element_type=\"container\">\n\t\t\t\t\t<div class=\"e-con-inner\">\n\t\t<div class=\"elementor-element elementor-element-f5a128a e-con-full e-flex e-con e-child\" data-id=\"f5a128a\" data-element_type=\"container\">\n\t\t\t\t<div class=\"elementor-element elementor-element-5f89c25 elementor-widget elementor-widget-heading\" data-id=\"5f89c25\" data-element_type=\"widget\" data-widget_type=\"heading.default\">\n\t\t\t\t<div class=\"elementor-widget-container\">\n\t\t\t\t\t<span class=\"elementor-heading-title elementor-size-default\">Die Umarmung der Berge und das Flie\u00dfen der Wildb\u00e4che begleiten Cison di Valmarino und seine tausendj\u00e4hrige Geschichte. Bezaubernde D\u00f6rfer und kleine Weiler, H\u00fcter historischer und naturbelassener Routen, inmitten dichter W\u00e4lder und an den H\u00e4ngen der Weinberge.<\/span>\t\t\t\t<\/div>\n\t\t\t\t<\/div>\n\t\t\t\t<\/div>\n\t\t\t\t\t<\/div>\n\t\t\t\t<\/div>\n\t\t\t\t\t<\/div>\n\t\t\t\t<\/div>\n\t\t<div class=\"elementor-element elementor-element-8b58eb8 e-flex e-con-boxed e-con e-parent\" data-id=\"8b58eb8\" data-element_type=\"container\">\n\t\t\t\t\t<div class=\"e-con-inner\">\n\t\t\t\t<div class=\"dce-fix-background-loop elementor-element elementor-element-5fe4f2d elementor-widget elementor-widget-dce-acf-repeater-v2\" data-id=\"5fe4f2d\" data-element_type=\"widget\" data-settings=\"{&quot;dce_acf_repeater_format&quot;:&quot;grid&quot;}\" data-widget_type=\"dce-acf-repeater-v2.default\">\n\t\t\t\t<div class=\"elementor-widget-container\">\n\t\t\t\t\t<div class=\"dce-acf-repeater\"><div class=\"dce-acf-repeater-grid\"><\/div><\/div>\t\t\t\t<\/div>\n\t\t\t\t<\/div>\n\t\t\t\t\t<\/div>\n\t\t\t\t<\/div>\n\t\t<div class=\"elementor-element elementor-element-65f8c58 e-flex e-con-boxed e-con e-parent\" data-id=\"65f8c58\" data-element_type=\"container\">\n\t\t\t\t\t<div class=\"e-con-inner\">\n\t\t\t\t<div class=\"elementor-element elementor-element-9b8bce4 elementor-widget elementor-widget-heading\" data-id=\"9b8bce4\" data-element_type=\"widget\" data-widget_type=\"heading.default\">\n\t\t\t\t<div class=\"elementor-widget-container\">\n\t\t\t\t\t<span class=\"elementor-heading-title elementor-size-default\">Preise und Auszeichnungen<\/span>\t\t\t\t<\/div>\n\t\t\t\t<\/div>\n\t\t\t\t<div class=\"elementor-element elementor-element-36c9939 elementor-widget-divider--view-line elementor-widget elementor-widget-divider\" data-id=\"36c9939\" data-element_type=\"widget\" data-widget_type=\"divider.default\">\n\t\t\t\t<div class=\"elementor-widget-container\">\n\t\t\t\t\t\t\t<div class=\"elementor-divider\">\n\t\t\t<span class=\"elementor-divider-separator\">\n\t\t\t\t\t\t<\/span>\n\t\t<\/div>\n\t\t\t\t\t\t<\/div>\n\t\t\t\t<\/div>\n\t\t\t\t\t<\/div>\n\t\t\t\t<\/div>\n\t\t<div class=\"elementor-element elementor-element-d97efc1 e-flex e-con-boxed e-con e-parent\" data-id=\"d97efc1\" data-element_type=\"container\">\n\t\t\t\t\t<div class=\"e-con-inner\">\n\t\t\t\t<div class=\"dce-fix-background-loop elementor-element elementor-element-82a695b elementor-widget elementor-widget-dce-acf-repeater-v2\" data-id=\"82a695b\" data-element_type=\"widget\" data-settings=\"{&quot;dce_acf_repeater_format&quot;:&quot;grid&quot;}\" data-widget_type=\"dce-acf-repeater-v2.default\">\n\t\t\t\t<div class=\"elementor-widget-container\">\n\t\t\t\t\t<div class=\"dce-acf-repeater\"><div class=\"dce-acf-repeater-grid\"><\/div><\/div>\t\t\t\t<\/div>\n\t\t\t\t<\/div>\n\t\t\t\t\t<\/div>\n\t\t\t\t<\/div>\n\t\t<div class=\"elementor-element elementor-element-40f3bb1 e-flex e-con-boxed e-con e-parent\" data-id=\"40f3bb1\" data-element_type=\"container\">\n\t\t\t\t\t<div class=\"e-con-inner\">\n\t\t\t\t<div class=\"elementor-element elementor-element-62d459f elementor-widget elementor-widget-template\" data-id=\"62d459f\" data-element_type=\"widget\" data-widget_type=\"template.default\">\n\t\t\t\t<div class=\"elementor-widget-container\">\n\t\t\t\t\t\t\t<div class=\"elementor-template\">\n\t\t\t\t\t<div data-elementor-type=\"container\" data-elementor-id=\"4140\" class=\"elementor elementor-4140 elementor-1946\" data-elementor-post-type=\"elementor_library\">\n\t\t\t\t<div class=\"elementor-element elementor-element-834f2be e-flex e-con-boxed e-con e-parent\" data-id=\"834f2be\" data-element_type=\"container\">\n\t\t\t\t\t<div class=\"e-con-inner\">\n\t\t<div class=\"elementor-element elementor-element-7b49609 e-flex e-con-boxed e-con e-child\" data-id=\"7b49609\" data-element_type=\"container\">\n\t\t\t\t\t<div class=\"e-con-inner\">\n\t\t\t\t<div class=\"elementor-element elementor-element-29cee3a elementor-position-left elementor-mobile-position-left elementor-view-default elementor-widget elementor-widget-icon-box\" data-id=\"29cee3a\" data-element_type=\"widget\" data-widget_type=\"icon-box.default\">\n\t\t\t\t<div class=\"elementor-widget-container\">\n\t\t\t\t\t\t\t<div class=\"elementor-icon-box-wrapper\">\n\n\t\t\t\t\t\t<div class=\"elementor-icon-box-icon\">\n\t\t\t\t<span  class=\"elementor-icon\">\n\t\t\t\t<svg xmlns=\"http:\/\/www.w3.org\/2000\/svg\" width=\"48\" height=\"48\" viewBox=\"0 0 48 48\" fill=\"none\"><g id=\"calendar_month\"><path id=\"Vector\" d=\"M38 7.97673H36V3.98828H32V7.97673H16V3.98828H12V7.97673H10C7.78 7.97673 6.02 9.77153 6.02 11.9652L6 39.8843C6 42.078 7.78 43.8728 10 43.8728H38C40.2 43.8728 42 42.078 42 39.8843V11.9652C42 9.77153 40.2 7.97673 38 7.97673ZM38 39.8843H10V19.9421H38V39.8843ZM38 15.9536H10V11.9652H38V15.9536ZM18 27.919H14V23.9305H18V27.919ZM26 27.919H22V23.9305H26V27.919ZM34 27.919H30V23.9305H34V27.919ZM18 35.8959H14V31.9074H18V35.8959ZM26 35.8959H22V31.9074H26V35.8959ZM34 35.8959H30V31.9074H34V35.8959Z\" fill=\"#882D34\"><\/path><\/g><\/svg>\t\t\t\t<\/span>\n\t\t\t<\/div>\n\t\t\t\n\t\t\t\t\t\t<div class=\"elementor-icon-box-content\">\n\n\t\t\t\t\t\t\t\t\t<h5 class=\"elementor-icon-box-title\">\n\t\t\t\t\t\t<span  >\n\t\t\t\t\t\t\tVeranstaltungen\t\t\t\t\t\t<\/span>\n\t\t\t\t\t<\/h5>\n\t\t\t\t\n\t\t\t\t\n\t\t\t<\/div>\n\t\t\t\n\t\t<\/div>\n\t\t\t\t\t\t<\/div>\n\t\t\t\t<\/div>\n\t\t\t\t\t<\/div>\n\t\t\t\t<\/div>\n\t\t<div class=\"elementor-element elementor-element-26535ce e-grid e-con-boxed e-con e-child\" data-id=\"26535ce\" data-element_type=\"container\">\n\t\t\t\t\t<div class=\"e-con-inner\">\n\t\t<div class=\"elementor-element elementor-element-042dd21 e-flex e-con-boxed e-con e-child\" data-id=\"042dd21\" data-element_type=\"container\" data-settings=\"{&quot;background_background&quot;:&quot;classic&quot;}\">\n\t\t\t\t\t<div class=\"e-con-inner\">\n\t\t\t\t<div class=\"elementor-element elementor-element-f2be09a elementor-widget__width-initial elementor-widget elementor-widget-heading\" data-id=\"f2be09a\" data-element_type=\"widget\" data-widget_type=\"heading.default\">\n\t\t\t\t<div class=\"elementor-widget-container\">\n\t\t\t\t\t<h3 class=\"elementor-heading-title elementor-size-default\">Es gibt noch viel mehr zu sehen und zu erleben<\/h3>\t\t\t\t<\/div>\n\t\t\t\t<\/div>\n\t\t\t\t<div class=\"elementor-element elementor-element-0309ade elementor-widget elementor-widget-button\" data-id=\"0309ade\" data-element_type=\"widget\" data-widget_type=\"button.default\">\n\t\t\t\t<div class=\"elementor-widget-container\">\n\t\t\t\t\t\t\t\t\t<div class=\"elementor-button-wrapper\">\n\t\t\t\t\t<a class=\"elementor-button elementor-button-link elementor-size-sm\" href=\"https:\/\/cisonborgovivo.it\/de\/veranstaltungen\/\">\n\t\t\t\t\t\t<span class=\"elementor-button-content-wrapper\">\n\t\t\t\t\t\t<span class=\"elementor-button-icon\">\n\t\t\t\t<svg xmlns=\"http:\/\/www.w3.org\/2000\/svg\" width=\"24\" height=\"24\" viewBox=\"0 0 24 24\" fill=\"none\"><path fill-rule=\"evenodd\" clip-rule=\"evenodd\" d=\"M15.0645 5.07812L21.9859 11.9995L15.0645 18.9209L13.6503 17.5067L18.1575 12.9995H2.35742V10.9995H18.1575L13.6503 6.49234L15.0645 5.07812Z\" fill=\"#882D34\"><\/path><\/svg>\t\t\t<\/span>\n\t\t\t\t\t\t\t\t\t<span class=\"elementor-button-text\">Entdecken Sie die Veranstaltungen<\/span>\n\t\t\t\t\t<\/span>\n\t\t\t\t\t<\/a>\n\t\t\t\t<\/div>\n\t\t\t\t\t\t\t\t<\/div>\n\t\t\t\t<\/div>\n\t\t\t\t\t<\/div>\n\t\t\t\t<\/div>\n\t\t<div class=\"elementor-element elementor-element-f039d60 e-flex e-con-boxed e-con e-child\" data-id=\"f039d60\" data-element_type=\"container\" data-settings=\"{&quot;background_background&quot;:&quot;slideshow&quot;,&quot;background_slideshow_gallery&quot;:[{&quot;id&quot;:2978,&quot;url&quot;:&quot;https:\\\/\\\/cisonborgovivo.it\\\/wp-content\\\/uploads\\\/2024\\\/03\\\/cison_sito_tagli_CTA_2403147-min.jpg&quot;},{&quot;id&quot;:2979,&quot;url&quot;:&quot;https:\\\/\\\/cisonborgovivo.it\\\/wp-content\\\/uploads\\\/2024\\\/03\\\/cison_sito_tagli_CTA_2403148-min.jpg&quot;},{&quot;id&quot;:2980,&quot;url&quot;:&quot;https:\\\/\\\/cisonborgovivo.it\\\/wp-content\\\/uploads\\\/2024\\\/03\\\/cison_sito_tagli_CTA_2403149-min.jpg&quot;},{&quot;id&quot;:2981,&quot;url&quot;:&quot;https:\\\/\\\/cisonborgovivo.it\\\/wp-content\\\/uploads\\\/2024\\\/03\\\/cison_sito_tagli_CTA_24031410-min.jpg&quot;},{&quot;id&quot;:2982,&quot;url&quot;:&quot;https:\\\/\\\/cisonborgovivo.it\\\/wp-content\\\/uploads\\\/2024\\\/03\\\/cison_sito_tagli_CTA_24031411-min.jpg&quot;}],&quot;background_slideshow_loop&quot;:&quot;yes&quot;,&quot;background_slideshow_slide_duration&quot;:5000,&quot;background_slideshow_slide_transition&quot;:&quot;fade&quot;,&quot;background_slideshow_transition_duration&quot;:500}\">\n\t\t\t\t\t<div class=\"e-con-inner\">\n\t\t\t\t\t<\/div>\n\t\t\t\t<\/div>\n\t\t\t\t\t<\/div>\n\t\t\t\t<\/div>\n\t\t\t\t\t<\/div>\n\t\t\t\t<\/div>\n\t\t\t\t<\/div>\n\t\t\t\t<\/div>\n\t\t\t\t\t\t<\/div>\n\t\t\t\t<\/div>\n\t\t\t\t\t<\/div>\n\t\t\t\t<\/div>\n\t\t\t\t<\/div>\n\t\t","protected":false},"excerpt":{"rendered":"<p>Preise und Auszeichnungen<\/p>\n","protected":false},"author":6,"featured_media":0,"parent":0,"menu_order":0,"comment_status":"closed","ping_status":"closed","template":"","meta":{"_acf_changed":false,"footnotes":""},"class_list":["post-3891","page","type-page","status-publish","hentry"],"acf":[],"yoast_head":"<!-- This site is optimized with the Yoast SEO plugin v26.0 - https:\/\/yoast.com\/wordpress\/plugins\/seo\/ -->\n<title>Erkunden Sie das Gebiet von Cison di Valmarino Borgo Vivo<\/title>\n<meta name=\"description\" content=\"Entdecken Sie die Wunder von Cison di Valmarino: von den historischen D\u00f6rfern bis zu den Naturlandschaften, erleben Sie den Zauber einer Gegend, die mit ihrer Geschichte und ihrer nat\u00fcrlichen Sch\u00f6nheit verzaubert.\" \/>\n<meta name=\"robots\" content=\"index, follow, max-snippet:-1, max-image-preview:large, max-video-preview:-1\" \/>\n<link rel=\"canonical\" href=\"https:\/\/cisonborgovivo.it\/de\/territorium\/\" \/>\n<meta property=\"og:locale\" content=\"de_DE\" \/>\n<meta property=\"og:type\" content=\"article\" \/>\n<meta property=\"og:title\" content=\"Erkunden Sie das Gebiet von Cison di Valmarino Borgo Vivo\" \/>\n<meta property=\"og:description\" content=\"Entdecken Sie die Wunder von Cison di Valmarino: von den historischen D\u00f6rfern bis zu den Naturlandschaften, erleben Sie den Zauber einer Gegend, die mit ihrer Geschichte und ihrer nat\u00fcrlichen Sch\u00f6nheit verzaubert.\" \/>\n<meta property=\"og:url\" content=\"https:\/\/cisonborgovivo.it\/de\/territorium\/\" \/>\n<meta property=\"og:site_name\" content=\"Cison Borgo Vivo\" \/>\n<meta property=\"article:modified_time\" content=\"2024-07-10T13:52:50+00:00\" \/>\n<meta property=\"og:image\" content=\"https:\/\/cisonborgovivo.it\/wp-content\/uploads\/2024\/03\/cison-borgo-vivo-scaled.jpg\" \/>\n\t<meta property=\"og:image:width\" content=\"2560\" \/>\n\t<meta property=\"og:image:height\" content=\"1321\" \/>\n\t<meta property=\"og:image:type\" content=\"image\/jpeg\" \/>\n<meta name=\"twitter:card\" content=\"summary_large_image\" \/>\n<script type=\"application\/ld+json\" class=\"yoast-schema-graph\">{\"@context\":\"https:\/\/schema.org\",\"@graph\":[{\"@type\":\"WebPage\",\"@id\":\"https:\/\/cisonborgovivo.it\/de\/territorium\/\",\"url\":\"https:\/\/cisonborgovivo.it\/de\/territorium\/\",\"name\":\"Erkunden Sie das Gebiet von Cison di Valmarino Borgo Vivo\",\"isPartOf\":{\"@id\":\"https:\/\/cisonborgovivo.it\/de\/#website\"},\"datePublished\":\"2023-11-02T14:13:26+00:00\",\"dateModified\":\"2024-07-10T13:52:50+00:00\",\"description\":\"Entdecken Sie die Wunder von Cison di Valmarino: von den historischen D\u00f6rfern bis zu den Naturlandschaften, erleben Sie den Zauber einer Gegend, die mit ihrer Geschichte und ihrer nat\u00fcrlichen Sch\u00f6nheit verzaubert.\",\"breadcrumb\":{\"@id\":\"https:\/\/cisonborgovivo.it\/de\/territorium\/#breadcrumb\"},\"inLanguage\":\"de\",\"potentialAction\":[{\"@type\":\"ReadAction\",\"target\":[\"https:\/\/cisonborgovivo.it\/de\/territorium\/\"]}]},{\"@type\":\"BreadcrumbList\",\"@id\":\"https:\/\/cisonborgovivo.it\/de\/territorium\/#breadcrumb\",\"itemListElement\":[{\"@type\":\"ListItem\",\"position\":1,\"name\":\"Home\",\"item\":\"https:\/\/cisonborgovivo.it\/de\/projekt\/\"},{\"@type\":\"ListItem\",\"position\":2,\"name\":\"Territorium\"}]},{\"@type\":\"WebSite\",\"@id\":\"https:\/\/cisonborgovivo.it\/de\/#website\",\"url\":\"https:\/\/cisonborgovivo.it\/de\/\",\"name\":\"Cison Borgo Vivo\",\"description\":\"Il cuore di un borgo che vive\",\"publisher\":{\"@id\":\"https:\/\/cisonborgovivo.it\/de\/#organization\"},\"alternateName\":\"Cison di Valmarino\",\"potentialAction\":[{\"@type\":\"SearchAction\",\"target\":{\"@type\":\"EntryPoint\",\"urlTemplate\":\"https:\/\/cisonborgovivo.it\/de\/?s={search_term_string}\"},\"query-input\":{\"@type\":\"PropertyValueSpecification\",\"valueRequired\":true,\"valueName\":\"search_term_string\"}}],\"inLanguage\":\"de\"},{\"@type\":\"Organization\",\"@id\":\"https:\/\/cisonborgovivo.it\/de\/#organization\",\"name\":\"Cison di Valmarino\",\"url\":\"https:\/\/cisonborgovivo.it\/de\/\",\"logo\":{\"@type\":\"ImageObject\",\"inLanguage\":\"de\",\"@id\":\"https:\/\/cisonborgovivo.it\/de\/#\/schema\/logo\/image\/\",\"url\":\"https:\/\/cisonborgovivo.it\/wp-content\/uploads\/2024\/02\/logo03.png\",\"contentUrl\":\"https:\/\/cisonborgovivo.it\/wp-content\/uploads\/2024\/02\/logo03.png\",\"width\":193,\"height\":150,\"caption\":\"Cison di Valmarino\"},\"image\":{\"@id\":\"https:\/\/cisonborgovivo.it\/de\/#\/schema\/logo\/image\/\"}}]}<\/script>\n<!-- \/ Yoast SEO plugin. -->","yoast_head_json":{"title":"Erkunden Sie das Gebiet von Cison di Valmarino Borgo Vivo","description":"Entdecken Sie die Wunder von Cison di Valmarino: von den historischen D\u00f6rfern bis zu den Naturlandschaften, erleben Sie den Zauber einer Gegend, die mit ihrer Geschichte und ihrer nat\u00fcrlichen Sch\u00f6nheit verzaubert.","robots":{"index":"index","follow":"follow","max-snippet":"max-snippet:-1","max-image-preview":"max-image-preview:large","max-video-preview":"max-video-preview:-1"},"canonical":"https:\/\/cisonborgovivo.it\/de\/territorium\/","og_locale":"de_DE","og_type":"article","og_title":"Erkunden Sie das Gebiet von Cison di Valmarino Borgo Vivo","og_description":"Entdecken Sie die Wunder von Cison di Valmarino: von den historischen D\u00f6rfern bis zu den Naturlandschaften, erleben Sie den Zauber einer Gegend, die mit ihrer Geschichte und ihrer nat\u00fcrlichen Sch\u00f6nheit verzaubert.","og_url":"https:\/\/cisonborgovivo.it\/de\/territorium\/","og_site_name":"Cison Borgo Vivo","article_modified_time":"2024-07-10T13:52:50+00:00","og_image":[{"width":2560,"height":1321,"url":"https:\/\/cisonborgovivo.it\/wp-content\/uploads\/2024\/03\/cison-borgo-vivo-scaled.jpg","type":"image\/jpeg"}],"twitter_card":"summary_large_image","schema":{"@context":"https:\/\/schema.org","@graph":[{"@type":"WebPage","@id":"https:\/\/cisonborgovivo.it\/de\/territorium\/","url":"https:\/\/cisonborgovivo.it\/de\/territorium\/","name":"Erkunden Sie das Gebiet von Cison di Valmarino Borgo Vivo","isPartOf":{"@id":"https:\/\/cisonborgovivo.it\/de\/#website"},"datePublished":"2023-11-02T14:13:26+00:00","dateModified":"2024-07-10T13:52:50+00:00","description":"Entdecken Sie die Wunder von Cison di Valmarino: von den historischen D\u00f6rfern bis zu den Naturlandschaften, erleben Sie den Zauber einer Gegend, die mit ihrer Geschichte und ihrer nat\u00fcrlichen Sch\u00f6nheit verzaubert.","breadcrumb":{"@id":"https:\/\/cisonborgovivo.it\/de\/territorium\/#breadcrumb"},"inLanguage":"de","potentialAction":[{"@type":"ReadAction","target":["https:\/\/cisonborgovivo.it\/de\/territorium\/"]}]},{"@type":"BreadcrumbList","@id":"https:\/\/cisonborgovivo.it\/de\/territorium\/#breadcrumb","itemListElement":[{"@type":"ListItem","position":1,"name":"Home","item":"https:\/\/cisonborgovivo.it\/de\/projekt\/"},{"@type":"ListItem","position":2,"name":"Territorium"}]},{"@type":"WebSite","@id":"https:\/\/cisonborgovivo.it\/de\/#website","url":"https:\/\/cisonborgovivo.it\/de\/","name":"Cison Borgo Vivo","description":"Il cuore di un borgo che vive","publisher":{"@id":"https:\/\/cisonborgovivo.it\/de\/#organization"},"alternateName":"Cison di Valmarino","potentialAction":[{"@type":"SearchAction","target":{"@type":"EntryPoint","urlTemplate":"https:\/\/cisonborgovivo.it\/de\/?s={search_term_string}"},"query-input":{"@type":"PropertyValueSpecification","valueRequired":true,"valueName":"search_term_string"}}],"inLanguage":"de"},{"@type":"Organization","@id":"https:\/\/cisonborgovivo.it\/de\/#organization","name":"Cison di Valmarino","url":"https:\/\/cisonborgovivo.it\/de\/","logo":{"@type":"ImageObject","inLanguage":"de","@id":"https:\/\/cisonborgovivo.it\/de\/#\/schema\/logo\/image\/","url":"https:\/\/cisonborgovivo.it\/wp-content\/uploads\/2024\/02\/logo03.png","contentUrl":"https:\/\/cisonborgovivo.it\/wp-content\/uploads\/2024\/02\/logo03.png","width":193,"height":150,"caption":"Cison di Valmarino"},"image":{"@id":"https:\/\/cisonborgovivo.it\/de\/#\/schema\/logo\/image\/"}}]}},"_links":{"self":[{"href":"https:\/\/cisonborgovivo.it\/de\/wp-json\/wp\/v2\/pages\/3891","targetHints":{"allow":["GET"]}}],"collection":[{"href":"https:\/\/cisonborgovivo.it\/de\/wp-json\/wp\/v2\/pages"}],"about":[{"href":"https:\/\/cisonborgovivo.it\/de\/wp-json\/wp\/v2\/types\/page"}],"author":[{"embeddable":true,"href":"https:\/\/cisonborgovivo.it\/de\/wp-json\/wp\/v2\/users\/6"}],"replies":[{"embeddable":true,"href":"https:\/\/cisonborgovivo.it\/de\/wp-json\/wp\/v2\/comments?post=3891"}],"version-history":[{"count":1,"href":"https:\/\/cisonborgovivo.it\/de\/wp-json\/wp\/v2\/pages\/3891\/revisions"}],"predecessor-version":[{"id":3892,"href":"https:\/\/cisonborgovivo.it\/de\/wp-json\/wp\/v2\/pages\/3891\/revisions\/3892"}],"wp:attachment":[{"href":"https:\/\/cisonborgovivo.it\/de\/wp-json\/wp\/v2\/media?parent=3891"}],"curies":[{"name":"wp","href":"https:\/\/api.w.org\/{rel}","templated":true}]}}